{"id":150,"date":"2021-05-11T05:33:17","date_gmt":"2021-05-11T05:33:17","guid":{"rendered":"https:\/\/mariarooms.ee\/contact\/"},"modified":"2022-10-22T17:53:32","modified_gmt":"2022-10-22T15:53:32","slug":"contact","status":"publish","type":"page","link":"https:\/\/mariarooms.ee\/en\/contact\/","title":{"rendered":"Contact"},"content":{"rendered":"\t\t<div data-elementor-type=\"wp-page\" data-elementor-id=\"150\" class=\"elementor elementor-150\" data-elementor-post-type=\"page\">\n\t\t\t\t\t\t<section class=\"elementor-section elementor-top-section elementor-element elementor-element-094af3c elementor-section-boxed elementor-section-height-default elementor-section-height-default\" data-id=\"094af3c\" data-element_type=\"section\" data-e-type=\"section\" data-settings=\"{&quot;background_background&quot;:&quot;classic&quot;}\">\n\t\t\t\t\t\t\t<div class=\"elementor-background-overlay\"><\/div>\n\t\t\t\t\t\t\t<div class=\"elementor-container elementor-column-gap-default\">\n\t\t\t\t\t<div class=\"elementor-column elementor-col-100 elementor-top-column elementor-element elementor-element-6b046d6\" data-id=\"6b046d6\" data-element_type=\"column\" data-e-type=\"column\">\n\t\t\t<div class=\"elementor-widget-wrap elementor-element-populated\">\n\t\t\t\t\t\t<div class=\"elementor-element elementor-element-8da095d elementor-widget elementor-widget-heading\" data-id=\"8da095d\" data-element_type=\"widget\" data-e-type=\"widget\" data-widget_type=\"heading.default\">\n\t\t\t\t<div class=\"elementor-widget-container\">\n\t\t\t\t\t<h1 class=\"elementor-heading-title elementor-size-default\">V\u00f5tke meiega \u00fchendust!<\/h1>\t\t\t\t<\/div>\n\t\t\t\t<\/div>\n\t\t\t\t<div class=\"elementor-element elementor-element-948496e elementor-widget elementor-widget-text-editor\" data-id=\"948496e\" data-element_type=\"widget\" data-e-type=\"widget\" data-widget_type=\"text-editor.default\">\n\t\t\t\t<div class=\"elementor-widget-container\">\n\t\t\t\t\t\t\t\t\t<p>Tekkis k\u00fcsimus? Kirjutage meile ja vastame esimesel v\u00f5imalusel!<\/p>\t\t\t\t\t\t\t\t<\/div>\n\t\t\t\t<\/div>\n\t\t\t\t<div class=\"elementor-element elementor-element-8138bf1 elementor-widget elementor-widget-wpforms\" data-id=\"8138bf1\" data-element_type=\"widget\" data-e-type=\"widget\" data-widget_type=\"wpforms.default\">\n\t\t\t\t<div class=\"elementor-widget-container\">\n\t\t\t\t\t<div class=\"wpforms-container \" id=\"wpforms-402\"><form id=\"wpforms-form-402\" class=\"wpforms-validate wpforms-form\" data-formid=\"402\" method=\"post\" enctype=\"multipart\/form-data\" action=\"\/en\/wp-json\/wp\/v2\/pages\/150\" data-token=\"4d478638081b4324163e0d128adb7455\" data-token-time=\"1776424623\"><noscript class=\"wpforms-error-noscript\">Please enable JavaScript in your browser to complete this form.<\/noscript><div class=\"wpforms-field-container\"><div id=\"wpforms-402-field_0-container\" class=\"wpforms-field wpforms-field-name\" data-field-id=\"0\"><label class=\"wpforms-field-label\" for=\"wpforms-402-field_0\">Nimi <span class=\"wpforms-required-label\">*<\/span><\/label><input type=\"text\" id=\"wpforms-402-field_0\" class=\"wpforms-field-medium wpforms-field-required\" name=\"wpforms[fields][0]\" placeholder=\"Nimi\" required><\/div><div id=\"wpforms-402-field_1-container\" class=\"wpforms-field wpforms-field-email\" data-field-id=\"1\"><label class=\"wpforms-field-label\" for=\"wpforms-402-field_1\">email <span class=\"wpforms-required-label\">*<\/span><\/label><input type=\"email\" id=\"wpforms-402-field_1\" class=\"wpforms-field-medium wpforms-field-required\" name=\"wpforms[fields][1]\" placeholder=\"E-mail\" spellcheck=\"false\" required><\/div><div id=\"wpforms-402-field_4-container\" class=\"wpforms-field wpforms-field-text\" data-field-id=\"4\"><label class=\"wpforms-field-label\" for=\"wpforms-402-field_4\">Pealkiri <span class=\"wpforms-required-label\">*<\/span><\/label><input type=\"text\" id=\"wpforms-402-field_4\" class=\"wpforms-field-medium wpforms-field-required\" name=\"wpforms[fields][4]\" placeholder=\"Pealkiri\" required><\/div><div id=\"wpforms-402-field_2-container\" class=\"wpforms-field wpforms-field-textarea\" data-field-id=\"2\"><label class=\"wpforms-field-label\" for=\"wpforms-402-field_2\">S\u00f5num <span class=\"wpforms-required-label\">*<\/span><\/label><textarea id=\"wpforms-402-field_2\" class=\"wpforms-field-medium wpforms-field-required\" name=\"wpforms[fields][2]\" placeholder=\"S\u00f5num\" required><\/textarea><\/div><\/div><!-- .wpforms-field-container --><div class=\"wpforms-recaptcha-container wpforms-is-recaptcha wpforms-is-recaptcha-type-v3\" ><input type=\"hidden\" name=\"wpforms[recaptcha]\" value=\"\"><\/div><div class=\"wpforms-submit-container\" ><input type=\"hidden\" name=\"wpforms[id]\" value=\"402\"><input type=\"hidden\" name=\"page_title\" value=\"\"><input type=\"hidden\" name=\"page_url\" value=\"https:\/\/mariarooms.ee\/en\/wp-json\/wp\/v2\/pages\/150\"><input type=\"hidden\" name=\"url_referer\" value=\"\"><button type=\"submit\" name=\"wpforms[submit]\" id=\"wpforms-submit-402\" class=\"wpforms-submit\" data-alt-text=\"Sending...\" data-submit-text=\"Saada!\" aria-live=\"assertive\" value=\"wpforms-submit\">Saada!<\/button><\/div><\/form><\/div>  <!-- .wpforms-container -->\t\t\t\t<\/div>\n\t\t\t\t<\/div>\n\t\t\t\t\t<\/div>\n\t\t<\/div>\n\t\t\t\t\t<\/div>\n\t\t<\/section>\n\t\t\t\t<\/div>\n\t\t","protected":false},"excerpt":{"rendered":"<p>V\u00f5tke meiega \u00fchendust! Tekkis k\u00fcsimus? Kirjutage meile ja vastame esimesel v\u00f5imalusel!<\/p>","protected":false},"author":1,"featured_media":0,"parent":0,"menu_order":0,"comment_status":"closed","ping_status":"closed","template":"","meta":{"site-sidebar-layout":"no-sidebar","site-content-layout":"page-builder","ast-site-content-layout":"default","site-content-style":"default","site-sidebar-style":"default","ast-global-header-display":"","ast-banner-title-visibility":"","ast-main-header-display":"","ast-hfb-above-header-display":"","ast-hfb-below-header-display":"","ast-hfb-mobile-header-display":"","site-post-title":"disabled","ast-breadcrumbs-content":"","ast-featured-img":"disabled","footer-sml-layout":"","ast-disable-related-posts":"","theme-transparent-header-meta":"enabled","adv-header-id-meta":"","stick-header-meta":"","header-above-stick-meta":"","header-main-stick-meta":"","header-below-stick-meta":"","astra-migrate-meta-layouts":"default","ast-page-background-enabled":"default","ast-page-background-meta":{"desktop":{"background-color":"","background-image":"","background-repeat":"repeat","background-position":"center center","background-size":"auto","background-attachment":"scroll","background-type":"","background-media":"","overlay-type":"","overlay-color":"","overlay-opacity":"","overlay-gradient":""},"tablet":{"background-color":"","background-image":"","background-repeat":"repeat","background-position":"center center","background-size":"auto","background-attachment":"scroll","background-type":"","background-media":"","overlay-type":"","overlay-color":"","overlay-opacity":"","overlay-gradient":""},"mobile":{"background-color":"","background-image":"","background-repeat":"repeat","background-position":"center center","background-size":"auto","background-attachment":"scroll","background-type":"","background-media":"","overlay-type":"","overlay-color":"","overlay-opacity":"","overlay-gradient":""}},"ast-content-background-meta":{"desktop":{"background-color":"var(--ast-global-color-5)","background-image":"","background-repeat":"repeat","background-position":"center center","background-size":"auto","background-attachment":"scroll","background-type":"","background-media":"","overlay-type":"","overlay-color":"","overlay-opacity":"","overlay-gradient":""},"tablet":{"background-color":"var(--ast-global-color-5)","background-image":"","background-repeat":"repeat","background-position":"center center","background-size":"auto","background-attachment":"scroll","background-type":"","background-media":"","overlay-type":"","overlay-color":"","overlay-opacity":"","overlay-gradient":""},"mobile":{"background-color":"var(--ast-global-color-5)","background-image":"","background-repeat":"repeat","background-position":"center center","background-size":"auto","background-attachment":"scroll","background-type":"","background-media":"","overlay-type":"","overlay-color":"","overlay-opacity":"","overlay-gradient":""}},"footnotes":""},"class_list":["post-150","page","type-page","status-publish","hentry"],"yoast_head":"<!-- This site is optimized with the Yoast SEO plugin v27.4 - https:\/\/yoast.com\/product\/yoast-seo-wordpress\/ -->\n<title>Maria Rooms k\u00fclaliskorterid - Kontakt<\/title>\n<meta name=\"description\" content=\"K\u00fclaliskorterid Kuressaares! Kirjutage meile saadavuse kontrollimiseks ja broneerige endale soodne peatumine p\u00e4ikesepealinnas.\" \/>\n<meta name=\"robots\" content=\"index, follow, max-snippet:-1, max-image-preview:large, max-video-preview:-1\" \/>\n<link rel=\"canonical\" href=\"https:\/\/mariarooms.ee\/en\/contact\/\" \/>\n<meta property=\"og:locale\" content=\"en_US\" \/>\n<meta property=\"og:type\" content=\"article\" \/>\n<meta property=\"og:title\" content=\"Maria Rooms k\u00fclaliskorterid - Kontakt\" \/>\n<meta property=\"og:description\" content=\"K\u00fclaliskorterid Kuressaares! Kirjutage meile saadavuse kontrollimiseks ja broneerige endale soodne peatumine p\u00e4ikesepealinnas.\" \/>\n<meta property=\"og:url\" content=\"https:\/\/mariarooms.ee\/en\/contact\/\" \/>\n<meta property=\"og:site_name\" content=\"Maria Rooms k\u00fclaliskorterid\" \/>\n<meta property=\"article:modified_time\" content=\"2022-10-22T15:53:32+00:00\" \/>\n<meta property=\"og:image\" content=\"https:\/\/mariarooms.ee\/wp-content\/uploads\/2022\/09\/logo.png\" \/>\n\t<meta property=\"og:image:width\" content=\"500\" \/>\n\t<meta property=\"og:image:height\" content=\"500\" \/>\n\t<meta property=\"og:image:type\" content=\"image\/png\" \/>\n<meta name=\"twitter:card\" content=\"summary_large_image\" \/>\n<meta name=\"twitter:label1\" content=\"Est. reading time\" \/>\n\t<meta name=\"twitter:data1\" content=\"1 minute\" \/>\n<script type=\"application\/ld+json\" class=\"yoast-schema-graph\">{\"@context\":\"https:\\\/\\\/schema.org\",\"@graph\":[{\"@type\":\"WebPage\",\"@id\":\"https:\\\/\\\/mariarooms.ee\\\/contact\\\/\",\"url\":\"https:\\\/\\\/mariarooms.ee\\\/contact\\\/\",\"name\":\"Maria Rooms k\u00fclaliskorterid - Kontakt\",\"isPartOf\":{\"@id\":\"https:\\\/\\\/mariarooms.ee\\\/#website\"},\"datePublished\":\"2021-05-11T05:33:17+00:00\",\"dateModified\":\"2022-10-22T15:53:32+00:00\",\"description\":\"K\u00fclaliskorterid Kuressaares! Kirjutage meile saadavuse kontrollimiseks ja broneerige endale soodne peatumine p\u00e4ikesepealinnas.\",\"breadcrumb\":{\"@id\":\"https:\\\/\\\/mariarooms.ee\\\/contact\\\/#breadcrumb\"},\"inLanguage\":\"en-US\",\"potentialAction\":[{\"@type\":\"ReadAction\",\"target\":[\"https:\\\/\\\/mariarooms.ee\\\/contact\\\/\"]}]},{\"@type\":\"BreadcrumbList\",\"@id\":\"https:\\\/\\\/mariarooms.ee\\\/contact\\\/#breadcrumb\",\"itemListElement\":[{\"@type\":\"ListItem\",\"position\":1,\"name\":\"Home\",\"item\":\"https:\\\/\\\/mariarooms.ee\\\/\"},{\"@type\":\"ListItem\",\"position\":2,\"name\":\"Kontakt\"}]},{\"@type\":\"WebSite\",\"@id\":\"https:\\\/\\\/mariarooms.ee\\\/#website\",\"url\":\"https:\\\/\\\/mariarooms.ee\\\/\",\"name\":\"Maria Rooms k\u00fclaliskorterid\",\"description\":\"K\u00fclaliskorteris Kuressaares\",\"publisher\":{\"@id\":\"https:\\\/\\\/mariarooms.ee\\\/#organization\"},\"potentialAction\":[{\"@type\":\"SearchAction\",\"target\":{\"@type\":\"EntryPoint\",\"urlTemplate\":\"https:\\\/\\\/mariarooms.ee\\\/?s={search_term_string}\"},\"query-input\":{\"@type\":\"PropertyValueSpecification\",\"valueRequired\":true,\"valueName\":\"search_term_string\"}}],\"inLanguage\":\"en-US\"},{\"@type\":\"Organization\",\"@id\":\"https:\\\/\\\/mariarooms.ee\\\/#organization\",\"name\":\"Maria Rooms k\u00fclaliskorterid\",\"url\":\"https:\\\/\\\/mariarooms.ee\\\/\",\"logo\":{\"@type\":\"ImageObject\",\"inLanguage\":\"en-US\",\"@id\":\"https:\\\/\\\/mariarooms.ee\\\/#\\\/schema\\\/logo\\\/image\\\/\",\"url\":\"https:\\\/\\\/mariarooms.ee\\\/wp-content\\\/uploads\\\/2022\\\/09\\\/logo_ring.png\",\"contentUrl\":\"https:\\\/\\\/mariarooms.ee\\\/wp-content\\\/uploads\\\/2022\\\/09\\\/logo_ring.png\",\"width\":442,\"height\":442,\"caption\":\"Maria Rooms k\u00fclaliskorterid\"},\"image\":{\"@id\":\"https:\\\/\\\/mariarooms.ee\\\/#\\\/schema\\\/logo\\\/image\\\/\"}}]}<\/script>\n<!-- \/ Yoast SEO plugin. -->","yoast_head_json":{"title":"Maria Rooms k\u00fclaliskorterid - Kontakt","description":"K\u00fclaliskorterid Kuressaares! Kirjutage meile saadavuse kontrollimiseks ja broneerige endale soodne peatumine p\u00e4ikesepealinnas.","robots":{"index":"index","follow":"follow","max-snippet":"max-snippet:-1","max-image-preview":"max-image-preview:large","max-video-preview":"max-video-preview:-1"},"canonical":"https:\/\/mariarooms.ee\/en\/contact\/","og_locale":"en_US","og_type":"article","og_title":"Maria Rooms k\u00fclaliskorterid - Kontakt","og_description":"K\u00fclaliskorterid Kuressaares! Kirjutage meile saadavuse kontrollimiseks ja broneerige endale soodne peatumine p\u00e4ikesepealinnas.","og_url":"https:\/\/mariarooms.ee\/en\/contact\/","og_site_name":"Maria Rooms k\u00fclaliskorterid","article_modified_time":"2022-10-22T15:53:32+00:00","og_image":[{"width":500,"height":500,"url":"https:\/\/mariarooms.ee\/wp-content\/uploads\/2022\/09\/logo.png","type":"image\/png"}],"twitter_card":"summary_large_image","twitter_misc":{"Est. reading time":"1 minute"},"schema":{"@context":"https:\/\/schema.org","@graph":[{"@type":"WebPage","@id":"https:\/\/mariarooms.ee\/contact\/","url":"https:\/\/mariarooms.ee\/contact\/","name":"Maria Rooms k\u00fclaliskorterid - Kontakt","isPartOf":{"@id":"https:\/\/mariarooms.ee\/#website"},"datePublished":"2021-05-11T05:33:17+00:00","dateModified":"2022-10-22T15:53:32+00:00","description":"K\u00fclaliskorterid Kuressaares! Kirjutage meile saadavuse kontrollimiseks ja broneerige endale soodne peatumine p\u00e4ikesepealinnas.","breadcrumb":{"@id":"https:\/\/mariarooms.ee\/contact\/#breadcrumb"},"inLanguage":"en-US","potentialAction":[{"@type":"ReadAction","target":["https:\/\/mariarooms.ee\/contact\/"]}]},{"@type":"BreadcrumbList","@id":"https:\/\/mariarooms.ee\/contact\/#breadcrumb","itemListElement":[{"@type":"ListItem","position":1,"name":"Home","item":"https:\/\/mariarooms.ee\/"},{"@type":"ListItem","position":2,"name":"Kontakt"}]},{"@type":"WebSite","@id":"https:\/\/mariarooms.ee\/#website","url":"https:\/\/mariarooms.ee\/","name":"Maria Rooms k\u00fclaliskorterid","description":"K\u00fclaliskorteris Kuressaares","publisher":{"@id":"https:\/\/mariarooms.ee\/#organization"},"potentialAction":[{"@type":"SearchAction","target":{"@type":"EntryPoint","urlTemplate":"https:\/\/mariarooms.ee\/?s={search_term_string}"},"query-input":{"@type":"PropertyValueSpecification","valueRequired":true,"valueName":"search_term_string"}}],"inLanguage":"en-US"},{"@type":"Organization","@id":"https:\/\/mariarooms.ee\/#organization","name":"Maria Rooms k\u00fclaliskorterid","url":"https:\/\/mariarooms.ee\/","logo":{"@type":"ImageObject","inLanguage":"en-US","@id":"https:\/\/mariarooms.ee\/#\/schema\/logo\/image\/","url":"https:\/\/mariarooms.ee\/wp-content\/uploads\/2022\/09\/logo_ring.png","contentUrl":"https:\/\/mariarooms.ee\/wp-content\/uploads\/2022\/09\/logo_ring.png","width":442,"height":442,"caption":"Maria Rooms k\u00fclaliskorterid"},"image":{"@id":"https:\/\/mariarooms.ee\/#\/schema\/logo\/image\/"}}]}},"jetpack_sharing_enabled":true,"_links":{"self":[{"href":"https:\/\/mariarooms.ee\/en\/wp-json\/wp\/v2\/pages\/150","targetHints":{"allow":["GET"]}}],"collection":[{"href":"https:\/\/mariarooms.ee\/en\/wp-json\/wp\/v2\/pages"}],"about":[{"href":"https:\/\/mariarooms.ee\/en\/wp-json\/wp\/v2\/types\/page"}],"author":[{"embeddable":true,"href":"https:\/\/mariarooms.ee\/en\/wp-json\/wp\/v2\/users\/1"}],"replies":[{"embeddable":true,"href":"https:\/\/mariarooms.ee\/en\/wp-json\/wp\/v2\/comments?post=150"}],"version-history":[{"count":0,"href":"https:\/\/mariarooms.ee\/en\/wp-json\/wp\/v2\/pages\/150\/revisions"}],"wp:attachment":[{"href":"https:\/\/mariarooms.ee\/en\/wp-json\/wp\/v2\/media?parent=150"}],"curies":[{"name":"wp","href":"https:\/\/api.w.org\/{rel}","templated":true}]}}