{"id":506,"date":"2022-09-22T14:10:16","date_gmt":"2022-09-22T14:10:16","guid":{"rendered":"https:\/\/mariarooms.ee\/?page_id=506"},"modified":"2022-10-22T17:53:48","modified_gmt":"2022-10-22T15:53:48","slug":"korduma-kippuvad-kusimused","status":"publish","type":"page","link":"https:\/\/mariarooms.ee\/en\/korduma-kippuvad-kusimused\/","title":{"rendered":"Frequently Asked Questions (FAQ)"},"content":{"rendered":"\t\t<div data-elementor-type=\"wp-page\" data-elementor-id=\"506\" class=\"elementor elementor-506\" data-elementor-post-type=\"page\">\n\t\t\t\t\t\t<section class=\"elementor-section elementor-top-section elementor-element elementor-element-a4460f1 elementor-section-boxed elementor-section-height-default elementor-section-height-default\" data-id=\"a4460f1\" data-element_type=\"section\" data-e-type=\"section\" data-settings=\"{&quot;background_background&quot;:&quot;classic&quot;}\">\n\t\t\t\t\t\t\t<div class=\"elementor-background-overlay\"><\/div>\n\t\t\t\t\t\t\t<div class=\"elementor-container elementor-column-gap-default\">\n\t\t\t\t\t<div class=\"elementor-column elementor-col-100 elementor-top-column elementor-element elementor-element-727c017a\" data-id=\"727c017a\" data-element_type=\"column\" data-e-type=\"column\">\n\t\t\t<div class=\"elementor-widget-wrap elementor-element-populated\">\n\t\t\t\t\t\t<div class=\"elementor-element elementor-element-4407553d elementor-absolute elementor-widget elementor-widget-heading\" data-id=\"4407553d\" data-element_type=\"widget\" data-e-type=\"widget\" data-settings=\"{&quot;_position&quot;:&quot;absolute&quot;}\" data-widget_type=\"heading.default\">\n\t\t\t\t<div class=\"elementor-widget-container\">\n\t\t\t\t\t<h1 class=\"elementor-heading-title elementor-size-default\">Korduma Kippuvad K\u00fcsimused<\/h1>\t\t\t\t<\/div>\n\t\t\t\t<\/div>\n\t\t\t\t\t<\/div>\n\t\t<\/div>\n\t\t\t\t\t<\/div>\n\t\t<\/section>\n\t\t\t\t<section class=\"elementor-section elementor-top-section elementor-element elementor-element-75dfcedf elementor-section-boxed elementor-section-height-default elementor-section-height-default\" data-id=\"75dfcedf\" data-element_type=\"section\" data-e-type=\"section\">\n\t\t\t\t\t\t<div class=\"elementor-container elementor-column-gap-default\">\n\t\t\t\t\t<div class=\"elementor-column elementor-col-100 elementor-top-column elementor-element elementor-element-24eaa3b1\" data-id=\"24eaa3b1\" data-element_type=\"column\" data-e-type=\"column\">\n\t\t\t<div class=\"elementor-widget-wrap elementor-element-populated\">\n\t\t\t\t\t\t<div class=\"elementor-element elementor-element-a23f8c4 elementor-widget elementor-widget-spacer\" data-id=\"a23f8c4\" data-element_type=\"widget\" data-e-type=\"widget\" data-widget_type=\"spacer.default\">\n\t\t\t\t<div class=\"elementor-widget-container\">\n\t\t\t\t\t\t\t<div class=\"elementor-spacer\">\n\t\t\t<div class=\"elementor-spacer-inner\"><\/div>\n\t\t<\/div>\n\t\t\t\t\t\t<\/div>\n\t\t\t\t<\/div>\n\t\t\t\t<div class=\"elementor-element elementor-element-1879c56a elementor-widget elementor-widget-text-editor\" data-id=\"1879c56a\" data-element_type=\"widget\" data-e-type=\"widget\" data-widget_type=\"text-editor.default\">\n\t\t\t\t<div class=\"elementor-widget-container\">\n\t\t\t\t\t\t\t\t\t<p>Tekkis k\u00fcsimus? Siin on k\u00f5ige populaarsemad k\u00fcsimused, mis meile esitatakse. Kui siiski vastust ei leidnud, siis kirjutage meile!<\/p>\t\t\t\t\t\t\t\t<\/div>\n\t\t\t\t<\/div>\n\t\t\t\t\t<\/div>\n\t\t<\/div>\n\t\t\t\t\t<\/div>\n\t\t<\/section>\n\t\t\t\t<section class=\"elementor-section elementor-top-section elementor-element elementor-element-3989c16 elementor-section-boxed elementor-section-height-default elementor-section-height-default\" data-id=\"3989c16\" data-element_type=\"section\" data-e-type=\"section\">\n\t\t\t\t\t\t<div class=\"elementor-container elementor-column-gap-default\">\n\t\t\t\t\t<div class=\"elementor-column elementor-col-100 elementor-top-column elementor-element elementor-element-cb855a2\" data-id=\"cb855a2\" data-element_type=\"column\" data-e-type=\"column\">\n\t\t\t<div class=\"elementor-widget-wrap elementor-element-populated\">\n\t\t\t\t\t\t<div class=\"elementor-element elementor-element-98d25ca elementor-widget elementor-widget-accordion\" data-id=\"98d25ca\" data-element_type=\"widget\" data-e-type=\"widget\" data-widget_type=\"accordion.default\">\n\t\t\t\t<div class=\"elementor-widget-container\">\n\t\t\t\t\t\t\t<div class=\"elementor-accordion\">\n\t\t\t\t\t\t\t<div class=\"elementor-accordion-item\">\n\t\t\t\t\t<div id=\"elementor-tab-title-1601\" class=\"elementor-tab-title\" data-tab=\"1\" role=\"button\" aria-controls=\"elementor-tab-content-1601\" aria-expanded=\"false\">\n\t\t\t\t\t\t\t\t\t\t\t\t\t<span class=\"elementor-accordion-icon elementor-accordion-icon-left\" aria-hidden=\"true\">\n\t\t\t\t\t\t\t\t\t\t\t\t\t\t\t<span class=\"elementor-accordion-icon-closed\"><i class=\"fas fa-plus\"><\/i><\/span>\n\t\t\t\t\t\t\t\t<span class=\"elementor-accordion-icon-opened\"><i class=\"fas fa-minus\"><\/i><\/span>\n\t\t\t\t\t\t\t\t\t\t\t\t\t\t<\/span>\n\t\t\t\t\t\t\t\t\t\t\t\t<a class=\"elementor-accordion-title\" tabindex=\"0\">Kuidas saan v\u00f5tme?<\/a>\n\t\t\t\t\t<\/div>\n\t\t\t\t\t<div id=\"elementor-tab-content-1601\" class=\"elementor-tab-content elementor-clearfix\" data-tab=\"1\" role=\"region\" aria-labelledby=\"elementor-tab-title-1601\"><p>V\u00f5tme saate koodiga v\u00f5tmekarbist korteri ukse k\u00f5rvalt. Koodi ja k\u00f5ik t\u00e4psed juhised saadame saabumisp\u00e4eval s\u00f5numina kohe, kui korter on teie jaoks valmis.\u00a0<\/p><\/div>\n\t\t\t\t<\/div>\n\t\t\t\t\t\t\t<div class=\"elementor-accordion-item\">\n\t\t\t\t\t<div id=\"elementor-tab-title-1602\" class=\"elementor-tab-title\" data-tab=\"2\" role=\"button\" aria-controls=\"elementor-tab-content-1602\" aria-expanded=\"false\">\n\t\t\t\t\t\t\t\t\t\t\t\t\t<span class=\"elementor-accordion-icon elementor-accordion-icon-left\" aria-hidden=\"true\">\n\t\t\t\t\t\t\t\t\t\t\t\t\t\t\t<span class=\"elementor-accordion-icon-closed\"><i class=\"fas fa-plus\"><\/i><\/span>\n\t\t\t\t\t\t\t\t<span class=\"elementor-accordion-icon-opened\"><i class=\"fas fa-minus\"><\/i><\/span>\n\t\t\t\t\t\t\t\t\t\t\t\t\t\t<\/span>\n\t\t\t\t\t\t\t\t\t\t\t\t<a class=\"elementor-accordion-title\" tabindex=\"0\">Mis kell v\u00f5in tulla? Mis kell pean lahkuma?<\/a>\n\t\t\t\t\t<\/div>\n\t\t\t\t\t<div id=\"elementor-tab-content-1602\" class=\"elementor-tab-content elementor-clearfix\" data-tab=\"2\" role=\"region\" aria-labelledby=\"elementor-tab-title-1602\"><p>Check-in aeg on meie juures kell 15.00. Tavaliselt saab tuba\/korter valmis enne seda. Kui v\u00f5ti on teid v\u00f5tmekarbis ootamas, siis tuleb selle kohta vastav e-kiri v\u00f5i s\u00f5num ning saate majutusse minna endale sobival ajal.\u00a0<\/p><p>Check-out on kell 11.00.<\/p><p>Kui on soovi saabuda varem v\u00f5i lahkuda hiljem, siis kirjutage v\u00f5i helistage meile ja saame vaadata, kas on v\u00f5imalik vastu tulla.\u00a0<\/p><\/div>\n\t\t\t\t<\/div>\n\t\t\t\t\t\t\t<div class=\"elementor-accordion-item\">\n\t\t\t\t\t<div id=\"elementor-tab-title-1603\" class=\"elementor-tab-title\" data-tab=\"3\" role=\"button\" aria-controls=\"elementor-tab-content-1603\" aria-expanded=\"false\">\n\t\t\t\t\t\t\t\t\t\t\t\t\t<span class=\"elementor-accordion-icon elementor-accordion-icon-left\" aria-hidden=\"true\">\n\t\t\t\t\t\t\t\t\t\t\t\t\t\t\t<span class=\"elementor-accordion-icon-closed\"><i class=\"fas fa-plus\"><\/i><\/span>\n\t\t\t\t\t\t\t\t<span class=\"elementor-accordion-icon-opened\"><i class=\"fas fa-minus\"><\/i><\/span>\n\t\t\t\t\t\t\t\t\t\t\t\t\t\t<\/span>\n\t\t\t\t\t\t\t\t\t\t\t\t<a class=\"elementor-accordion-title\" tabindex=\"0\">Tahan peatumist pikendada. Mida teha? <\/a>\n\t\t\t\t\t<\/div>\n\t\t\t\t\t<div id=\"elementor-tab-content-1603\" class=\"elementor-tab-content elementor-clearfix\" data-tab=\"3\" role=\"region\" aria-labelledby=\"elementor-tab-title-1603\"><p>Helistage ja saame otsekohe vaadata saadavust, leppida kokku lisanduva hinna ja tasumise viisi.<\/p><\/div>\n\t\t\t\t<\/div>\n\t\t\t\t\t\t\t<div class=\"elementor-accordion-item\">\n\t\t\t\t\t<div id=\"elementor-tab-title-1604\" class=\"elementor-tab-title\" data-tab=\"4\" role=\"button\" aria-controls=\"elementor-tab-content-1604\" aria-expanded=\"false\">\n\t\t\t\t\t\t\t\t\t\t\t\t\t<span class=\"elementor-accordion-icon elementor-accordion-icon-left\" aria-hidden=\"true\">\n\t\t\t\t\t\t\t\t\t\t\t\t\t\t\t<span class=\"elementor-accordion-icon-closed\"><i class=\"fas fa-plus\"><\/i><\/span>\n\t\t\t\t\t\t\t\t<span class=\"elementor-accordion-icon-opened\"><i class=\"fas fa-minus\"><\/i><\/span>\n\t\t\t\t\t\t\t\t\t\t\t\t\t\t<\/span>\n\t\t\t\t\t\t\t\t\t\t\t\t<a class=\"elementor-accordion-title\" tabindex=\"0\">Mis reeglid korterites kehtivad?<\/a>\n\t\t\t\t\t<\/div>\n\t\t\t\t\t<div id=\"elementor-tab-content-1604\" class=\"elementor-tab-content elementor-clearfix\" data-tab=\"4\" role=\"region\" aria-labelledby=\"elementor-tab-title-1604\"><p>\u00dchiskorteris kehtib \u00f6\u00f6rahu alates kell 23.00 kuni kella 7.00 hommikul. Sel ajal palume toimetada vaikselt, mitte r\u00e4\u00e4kida valjuh\u00e4\u00e4lselt ja mitte kuulata muusikat. Soovituslikult kehtib see seegel ka privaatsetele korteritele, et mitte h\u00e4irida naabreid.\u00a0<\/p><p>Pidude pidamine on keelatud k\u00f5ikides korterites. Kaebuste korral on meil \u00f5igus kohale tulla, korterisse siseneda ja vajadusel kutsuda ka politsei.\u00a0<\/p><p>K\u00f5ikides korterites palume jalast v\u00f5tta v\u00e4lisjalan\u00f5ud. Soovi korral on teil v\u00f5imalik kasutada korteris olevaid susse.\u00a0<\/p><p>Suitsetamine siseruumides on keelatud. Selleks v\u00f5ib kasutada r\u00f5du v\u00f5i minna \u00f5ue.<\/p><p>Ahjuk\u00fcttega korterites on tule tegemine v\u00f5imalik, kuid palume see meiega koosk\u00f5lastada, et saaksime anda t\u00e4psed juhised. Samuti tuleb turvalisuse kaalutlustel olla t\u00e4iesti kindel, et oskate tuleaset k\u00e4sitleda.\u00a0<\/p><\/div>\n\t\t\t\t<\/div>\n\t\t\t\t\t\t\t\t<\/div>\n\t\t\t\t\t\t<\/div>\n\t\t\t\t<\/div>\n\t\t\t\t\t<\/div>\n\t\t<\/div>\n\t\t\t\t\t<\/div>\n\t\t<\/section>\n\t\t\t\t<section class=\"elementor-section elementor-top-section elementor-element elementor-element-c6b2aae elementor-section-boxed elementor-section-height-default elementor-section-height-default\" data-id=\"c6b2aae\" data-element_type=\"section\" data-e-type=\"section\">\n\t\t\t\t\t\t<div class=\"elementor-container elementor-column-gap-default\">\n\t\t\t\t\t<div class=\"elementor-column elementor-col-100 elementor-top-column elementor-element elementor-element-0f71f9c\" data-id=\"0f71f9c\" data-element_type=\"column\" data-e-type=\"column\">\n\t\t\t<div class=\"elementor-widget-wrap elementor-element-populated\">\n\t\t\t\t\t\t<div class=\"elementor-element elementor-element-653b56a elementor-widget elementor-widget-heading\" data-id=\"653b56a\" data-element_type=\"widget\" data-e-type=\"widget\" data-widget_type=\"heading.default\">\n\t\t\t\t<div class=\"elementor-widget-container\">\n\t\t\t\t\t<h6 class=\"elementor-heading-title elementor-size-default\">Ei leidnud vastust? K\u00fcsige siin!<\/h6>\t\t\t\t<\/div>\n\t\t\t\t<\/div>\n\t\t\t\t<div class=\"elementor-element elementor-element-1c8f7c7 elementor-widget elementor-widget-wpforms\" data-id=\"1c8f7c7\" data-element_type=\"widget\" data-e-type=\"widget\" data-widget_type=\"wpforms.default\">\n\t\t\t\t<div class=\"elementor-widget-container\">\n\t\t\t\t\t<div class=\"wpforms-container \" id=\"wpforms-402\"><form id=\"wpforms-form-402\" class=\"wpforms-validate wpforms-form\" data-formid=\"402\" method=\"post\" enctype=\"multipart\/form-data\" action=\"\/en\/wp-json\/wp\/v2\/pages\/506\" data-token=\"d8f9363bafc59a0bda868fb9b6b614e5\" data-token-time=\"1778073341\"><noscript class=\"wpforms-error-noscript\">Please enable JavaScript in your browser to complete this form.<\/noscript><div class=\"wpforms-field-container\"><div id=\"wpforms-402-field_0-container\" class=\"wpforms-field wpforms-field-name\" data-field-id=\"0\"><label class=\"wpforms-field-label\" for=\"wpforms-402-field_0\">Nimi <span class=\"wpforms-required-label\">*<\/span><\/label><input type=\"text\" id=\"wpforms-402-field_0\" class=\"wpforms-field-medium wpforms-field-required\" name=\"wpforms[fields][0]\" placeholder=\"Nimi\" required><\/div><div id=\"wpforms-402-field_1-container\" class=\"wpforms-field wpforms-field-email\" data-field-id=\"1\"><label class=\"wpforms-field-label\" for=\"wpforms-402-field_1\">email <span class=\"wpforms-required-label\">*<\/span><\/label><input type=\"email\" id=\"wpforms-402-field_1\" class=\"wpforms-field-medium wpforms-field-required\" name=\"wpforms[fields][1]\" placeholder=\"E-mail\" spellcheck=\"false\" required><\/div><div id=\"wpforms-402-field_4-container\" class=\"wpforms-field wpforms-field-text\" data-field-id=\"4\"><label class=\"wpforms-field-label\" for=\"wpforms-402-field_4\">Pealkiri <span class=\"wpforms-required-label\">*<\/span><\/label><input type=\"text\" id=\"wpforms-402-field_4\" class=\"wpforms-field-medium wpforms-field-required\" name=\"wpforms[fields][4]\" placeholder=\"Pealkiri\" required><\/div><div id=\"wpforms-402-field_2-container\" class=\"wpforms-field wpforms-field-textarea\" data-field-id=\"2\"><label class=\"wpforms-field-label\" for=\"wpforms-402-field_2\">S\u00f5num <span class=\"wpforms-required-label\">*<\/span><\/label><textarea id=\"wpforms-402-field_2\" class=\"wpforms-field-medium wpforms-field-required\" name=\"wpforms[fields][2]\" placeholder=\"S\u00f5num\" required><\/textarea><\/div><\/div><!-- .wpforms-field-container --><div class=\"wpforms-recaptcha-container wpforms-is-recaptcha wpforms-is-recaptcha-type-v3\" ><input type=\"hidden\" name=\"wpforms[recaptcha]\" value=\"\"><\/div><div class=\"wpforms-submit-container\" ><input type=\"hidden\" name=\"wpforms[id]\" value=\"402\"><input type=\"hidden\" name=\"page_title\" value=\"\"><input type=\"hidden\" name=\"page_url\" value=\"https:\/\/mariarooms.ee\/en\/wp-json\/wp\/v2\/pages\/506\"><input type=\"hidden\" name=\"url_referer\" value=\"\"><button type=\"submit\" name=\"wpforms[submit]\" id=\"wpforms-submit-402\" class=\"wpforms-submit\" data-alt-text=\"Sending...\" data-submit-text=\"Saada!\" aria-live=\"assertive\" value=\"wpforms-submit\">Saada!<\/button><\/div><\/form><\/div>  <!-- .wpforms-container -->\t\t\t\t<\/div>\n\t\t\t\t<\/div>\n\t\t\t\t\t<\/div>\n\t\t<\/div>\n\t\t\t\t\t<\/div>\n\t\t<\/section>\n\t\t\t\t<\/div>\n\t\t","protected":false},"excerpt":{"rendered":"<p>Korduma Kippuvad K\u00fcsimused Tekkis k\u00fcsimus? Siin on k\u00f5ige populaarsemad k\u00fcsimused, mis meile esitatakse. Kui siiski vastust ei leidnud, siis kirjutage meile! Kuidas saan v\u00f5tme? V\u00f5tme saate koodiga v\u00f5tmekarbist korteri ukse k\u00f5rvalt. Koodi ja k\u00f5ik t\u00e4psed juhised saadame saabumisp\u00e4eval s\u00f5numina kohe, kui korter on teie jaoks valmis. Mis kell v\u00f5in tulla? Mis kell pean lahkuma? Check-in [&hellip;]<\/p>\n","protected":false},"author":1,"featured_media":0,"parent":0,"menu_order":0,"comment_status":"closed","ping_status":"closed","template":"","meta":{"site-sidebar-layout":"no-sidebar","site-content-layout":"page-builder","ast-site-content-layout":"default","site-content-style":"default","site-sidebar-style":"default","ast-global-header-display":"","ast-banner-title-visibility":"","ast-main-header-display":"","ast-hfb-above-header-display":"","ast-hfb-below-header-display":"","ast-hfb-mobile-header-display":"","site-post-title":"disabled","ast-breadcrumbs-content":"","ast-featured-img":"disabled","footer-sml-layout":"","ast-disable-related-posts":"","theme-transparent-header-meta":"default","adv-header-id-meta":"","stick-header-meta":"","header-above-stick-meta":"","header-main-stick-meta":"","header-below-stick-meta":"","astra-migrate-meta-layouts":"default","ast-page-background-enabled":"default","ast-page-background-meta":{"desktop":{"background-color":"","background-image":"","background-repeat":"repeat","background-position":"center center","background-size":"auto","background-attachment":"scroll","background-type":"","background-media":"","overlay-type":"","overlay-color":"","overlay-opacity":"","overlay-gradient":""},"tablet":{"background-color":"","background-image":"","background-repeat":"repeat","background-position":"center center","background-size":"auto","background-attachment":"scroll","background-type":"","background-media":"","overlay-type":"","overlay-color":"","overlay-opacity":"","overlay-gradient":""},"mobile":{"background-color":"","background-image":"","background-repeat":"repeat","background-position":"center center","background-size":"auto","background-attachment":"scroll","background-type":"","background-media":"","overlay-type":"","overlay-color":"","overlay-opacity":"","overlay-gradient":""}},"ast-content-background-meta":{"desktop":{"background-color":"var(--ast-global-color-5)","background-image":"","background-repeat":"repeat","background-position":"center center","background-size":"auto","background-attachment":"scroll","background-type":"","background-media":"","overlay-type":"","overlay-color":"","overlay-opacity":"","overlay-gradient":""},"tablet":{"background-color":"var(--ast-global-color-5)","background-image":"","background-repeat":"repeat","background-position":"center center","background-size":"auto","background-attachment":"scroll","background-type":"","background-media":"","overlay-type":"","overlay-color":"","overlay-opacity":"","overlay-gradient":""},"mobile":{"background-color":"var(--ast-global-color-5)","background-image":"","background-repeat":"repeat","background-position":"center center","background-size":"auto","background-attachment":"scroll","background-type":"","background-media":"","overlay-type":"","overlay-color":"","overlay-opacity":"","overlay-gradient":""}},"footnotes":""},"class_list":["post-506","page","type-page","status-publish","hentry"],"yoast_head":"<!-- This site is optimized with the Yoast SEO plugin v27.5 - https:\/\/yoast.com\/product\/yoast-seo-wordpress\/ -->\n<title>Korduma Kippuvad K\u00fcsimused - Maria Rooms k\u00fclaliskorterid<\/title>\n<meta name=\"description\" content=\"K\u00fcsimused, mida meie k\u00e4est k\u00f5ige tihedamalt k\u00fcsitakse. Ei leidnud enda k\u00fcsimusele vastust? Kirjutage meile!\" \/>\n<meta name=\"robots\" content=\"index, follow, max-snippet:-1, max-image-preview:large, max-video-preview:-1\" \/>\n<link rel=\"canonical\" href=\"https:\/\/mariarooms.ee\/en\/korduma-kippuvad-kusimused\/\" \/>\n<meta property=\"og:locale\" content=\"en_US\" \/>\n<meta property=\"og:type\" content=\"article\" \/>\n<meta property=\"og:title\" content=\"Korduma Kippuvad K\u00fcsimused - Maria Rooms k\u00fclaliskorterid\" \/>\n<meta property=\"og:description\" content=\"K\u00fcsimused, mida meie k\u00e4est k\u00f5ige tihedamalt k\u00fcsitakse. Ei leidnud enda k\u00fcsimusele vastust? Kirjutage meile!\" \/>\n<meta property=\"og:url\" content=\"https:\/\/mariarooms.ee\/en\/korduma-kippuvad-kusimused\/\" \/>\n<meta property=\"og:site_name\" content=\"Maria Rooms k\u00fclaliskorterid\" \/>\n<meta property=\"article:modified_time\" content=\"2022-10-22T15:53:48+00:00\" \/>\n<meta property=\"og:image\" content=\"https:\/\/mariarooms.ee\/wp-content\/uploads\/2022\/09\/logo.png\" \/>\n\t<meta property=\"og:image:width\" content=\"500\" \/>\n\t<meta property=\"og:image:height\" content=\"500\" \/>\n\t<meta property=\"og:image:type\" content=\"image\/png\" \/>\n<meta name=\"twitter:card\" content=\"summary_large_image\" \/>\n<meta name=\"twitter:label1\" content=\"Est. reading time\" \/>\n\t<meta name=\"twitter:data1\" content=\"2 minutes\" \/>\n<script type=\"application\/ld+json\" class=\"yoast-schema-graph\">{\"@context\":\"https:\\\/\\\/schema.org\",\"@graph\":[{\"@type\":\"WebPage\",\"@id\":\"https:\\\/\\\/mariarooms.ee\\\/korduma-kippuvad-kusimused\\\/\",\"url\":\"https:\\\/\\\/mariarooms.ee\\\/korduma-kippuvad-kusimused\\\/\",\"name\":\"Korduma Kippuvad K\u00fcsimused - Maria Rooms k\u00fclaliskorterid\",\"isPartOf\":{\"@id\":\"https:\\\/\\\/mariarooms.ee\\\/#website\"},\"datePublished\":\"2022-09-22T14:10:16+00:00\",\"dateModified\":\"2022-10-22T15:53:48+00:00\",\"description\":\"K\u00fcsimused, mida meie k\u00e4est k\u00f5ige tihedamalt k\u00fcsitakse. Ei leidnud enda k\u00fcsimusele vastust? Kirjutage meile!\",\"breadcrumb\":{\"@id\":\"https:\\\/\\\/mariarooms.ee\\\/korduma-kippuvad-kusimused\\\/#breadcrumb\"},\"inLanguage\":\"en-US\",\"potentialAction\":[{\"@type\":\"ReadAction\",\"target\":[\"https:\\\/\\\/mariarooms.ee\\\/korduma-kippuvad-kusimused\\\/\"]}]},{\"@type\":\"BreadcrumbList\",\"@id\":\"https:\\\/\\\/mariarooms.ee\\\/korduma-kippuvad-kusimused\\\/#breadcrumb\",\"itemListElement\":[{\"@type\":\"ListItem\",\"position\":1,\"name\":\"Home\",\"item\":\"https:\\\/\\\/mariarooms.ee\\\/\"},{\"@type\":\"ListItem\",\"position\":2,\"name\":\"Korduma Kippuvad K\u00fcsimused\"}]},{\"@type\":\"WebSite\",\"@id\":\"https:\\\/\\\/mariarooms.ee\\\/#website\",\"url\":\"https:\\\/\\\/mariarooms.ee\\\/\",\"name\":\"Maria Rooms k\u00fclaliskorterid\",\"description\":\"K\u00fclaliskorteris Kuressaares\",\"publisher\":{\"@id\":\"https:\\\/\\\/mariarooms.ee\\\/#organization\"},\"potentialAction\":[{\"@type\":\"SearchAction\",\"target\":{\"@type\":\"EntryPoint\",\"urlTemplate\":\"https:\\\/\\\/mariarooms.ee\\\/?s={search_term_string}\"},\"query-input\":{\"@type\":\"PropertyValueSpecification\",\"valueRequired\":true,\"valueName\":\"search_term_string\"}}],\"inLanguage\":\"en-US\"},{\"@type\":\"Organization\",\"@id\":\"https:\\\/\\\/mariarooms.ee\\\/#organization\",\"name\":\"Maria Rooms k\u00fclaliskorterid\",\"url\":\"https:\\\/\\\/mariarooms.ee\\\/\",\"logo\":{\"@type\":\"ImageObject\",\"inLanguage\":\"en-US\",\"@id\":\"https:\\\/\\\/mariarooms.ee\\\/#\\\/schema\\\/logo\\\/image\\\/\",\"url\":\"https:\\\/\\\/mariarooms.ee\\\/wp-content\\\/uploads\\\/2022\\\/09\\\/logo_ring.png\",\"contentUrl\":\"https:\\\/\\\/mariarooms.ee\\\/wp-content\\\/uploads\\\/2022\\\/09\\\/logo_ring.png\",\"width\":442,\"height\":442,\"caption\":\"Maria Rooms k\u00fclaliskorterid\"},\"image\":{\"@id\":\"https:\\\/\\\/mariarooms.ee\\\/#\\\/schema\\\/logo\\\/image\\\/\"}}]}<\/script>\n<!-- \/ Yoast SEO plugin. -->","yoast_head_json":{"title":"Korduma Kippuvad K\u00fcsimused - Maria Rooms k\u00fclaliskorterid","description":"K\u00fcsimused, mida meie k\u00e4est k\u00f5ige tihedamalt k\u00fcsitakse. Ei leidnud enda k\u00fcsimusele vastust? Kirjutage meile!","robots":{"index":"index","follow":"follow","max-snippet":"max-snippet:-1","max-image-preview":"max-image-preview:large","max-video-preview":"max-video-preview:-1"},"canonical":"https:\/\/mariarooms.ee\/en\/korduma-kippuvad-kusimused\/","og_locale":"en_US","og_type":"article","og_title":"Korduma Kippuvad K\u00fcsimused - Maria Rooms k\u00fclaliskorterid","og_description":"K\u00fcsimused, mida meie k\u00e4est k\u00f5ige tihedamalt k\u00fcsitakse. Ei leidnud enda k\u00fcsimusele vastust? Kirjutage meile!","og_url":"https:\/\/mariarooms.ee\/en\/korduma-kippuvad-kusimused\/","og_site_name":"Maria Rooms k\u00fclaliskorterid","article_modified_time":"2022-10-22T15:53:48+00:00","og_image":[{"width":500,"height":500,"url":"https:\/\/mariarooms.ee\/wp-content\/uploads\/2022\/09\/logo.png","type":"image\/png"}],"twitter_card":"summary_large_image","twitter_misc":{"Est. reading time":"2 minutes"},"schema":{"@context":"https:\/\/schema.org","@graph":[{"@type":"WebPage","@id":"https:\/\/mariarooms.ee\/korduma-kippuvad-kusimused\/","url":"https:\/\/mariarooms.ee\/korduma-kippuvad-kusimused\/","name":"Korduma Kippuvad K\u00fcsimused - Maria Rooms k\u00fclaliskorterid","isPartOf":{"@id":"https:\/\/mariarooms.ee\/#website"},"datePublished":"2022-09-22T14:10:16+00:00","dateModified":"2022-10-22T15:53:48+00:00","description":"K\u00fcsimused, mida meie k\u00e4est k\u00f5ige tihedamalt k\u00fcsitakse. Ei leidnud enda k\u00fcsimusele vastust? Kirjutage meile!","breadcrumb":{"@id":"https:\/\/mariarooms.ee\/korduma-kippuvad-kusimused\/#breadcrumb"},"inLanguage":"en-US","potentialAction":[{"@type":"ReadAction","target":["https:\/\/mariarooms.ee\/korduma-kippuvad-kusimused\/"]}]},{"@type":"BreadcrumbList","@id":"https:\/\/mariarooms.ee\/korduma-kippuvad-kusimused\/#breadcrumb","itemListElement":[{"@type":"ListItem","position":1,"name":"Home","item":"https:\/\/mariarooms.ee\/"},{"@type":"ListItem","position":2,"name":"Korduma Kippuvad K\u00fcsimused"}]},{"@type":"WebSite","@id":"https:\/\/mariarooms.ee\/#website","url":"https:\/\/mariarooms.ee\/","name":"Maria Rooms k\u00fclaliskorterid","description":"K\u00fclaliskorteris Kuressaares","publisher":{"@id":"https:\/\/mariarooms.ee\/#organization"},"potentialAction":[{"@type":"SearchAction","target":{"@type":"EntryPoint","urlTemplate":"https:\/\/mariarooms.ee\/?s={search_term_string}"},"query-input":{"@type":"PropertyValueSpecification","valueRequired":true,"valueName":"search_term_string"}}],"inLanguage":"en-US"},{"@type":"Organization","@id":"https:\/\/mariarooms.ee\/#organization","name":"Maria Rooms k\u00fclaliskorterid","url":"https:\/\/mariarooms.ee\/","logo":{"@type":"ImageObject","inLanguage":"en-US","@id":"https:\/\/mariarooms.ee\/#\/schema\/logo\/image\/","url":"https:\/\/mariarooms.ee\/wp-content\/uploads\/2022\/09\/logo_ring.png","contentUrl":"https:\/\/mariarooms.ee\/wp-content\/uploads\/2022\/09\/logo_ring.png","width":442,"height":442,"caption":"Maria Rooms k\u00fclaliskorterid"},"image":{"@id":"https:\/\/mariarooms.ee\/#\/schema\/logo\/image\/"}}]}},"jetpack_sharing_enabled":true,"_links":{"self":[{"href":"https:\/\/mariarooms.ee\/en\/wp-json\/wp\/v2\/pages\/506","targetHints":{"allow":["GET"]}}],"collection":[{"href":"https:\/\/mariarooms.ee\/en\/wp-json\/wp\/v2\/pages"}],"about":[{"href":"https:\/\/mariarooms.ee\/en\/wp-json\/wp\/v2\/types\/page"}],"author":[{"embeddable":true,"href":"https:\/\/mariarooms.ee\/en\/wp-json\/wp\/v2\/users\/1"}],"replies":[{"embeddable":true,"href":"https:\/\/mariarooms.ee\/en\/wp-json\/wp\/v2\/comments?post=506"}],"version-history":[{"count":0,"href":"https:\/\/mariarooms.ee\/en\/wp-json\/wp\/v2\/pages\/506\/revisions"}],"wp:attachment":[{"href":"https:\/\/mariarooms.ee\/en\/wp-json\/wp\/v2\/media?parent=506"}],"curies":[{"name":"wp","href":"https:\/\/api.w.org\/{rel}","templated":true}]}}